{"id":277,"date":"2025-10-03T14:26:00","date_gmt":"2025-10-03T12:26:00","guid":{"rendered":"https:\/\/steelframeproducts.com\/?post_type=product&#038;p=277"},"modified":"2025-11-12T10:07:29","modified_gmt":"2025-11-12T09:07:29","slug":"vaso-exagonal-sw10","status":"publish","type":"product","link":"https:\/\/steelframeproducts.com\/ca\/product\/vaso-exagonal-sw10\/","title":{"rendered":"VASO EXAGONAL SW10"},"content":{"rendered":"","protected":false},"excerpt":{"rendered":"<p>Acoplamiento magn\u00e9tico Bianditz SW10 es la soluci\u00f3n m\u00e1s adecuada para colocar tornillos de cabeza hexagonal. La cabeza hexagonal lobular se ha desarrollado para incrementar la superficie de contacto con la cabeza del tornillo. Sus lados ligeramente redondeados mejoran el agarre y no da\u00f1an el tornillo, de esta forma proporcionan una longevidad mayor a la herramienta.<\/p>","protected":false},"featured_media":319,"comment_status":"open","ping_status":"closed","template":"","meta":[],"product_brand":[],"product_cat":[53],"product_tag":[],"class_list":{"0":"post-277","1":"product","2":"type-product","3":"status-publish","4":"has-post-thumbnail","6":"product_cat-herramientas","8":"first","9":"instock","10":"shipping-taxable","11":"purchasable","12":"product-type-simple"},"_links":{"self":[{"href":"https:\/\/steelframeproducts.com\/ca\/wp-json\/wp\/v2\/product\/277","targetHints":{"allow":["GET"]}}],"collection":[{"href":"https:\/\/steelframeproducts.com\/ca\/wp-json\/wp\/v2\/product"}],"about":[{"href":"https:\/\/steelframeproducts.com\/ca\/wp-json\/wp\/v2\/types\/product"}],"replies":[{"embeddable":true,"href":"https:\/\/steelframeproducts.com\/ca\/wp-json\/wp\/v2\/comments?post=277"}],"wp:featuredmedia":[{"embeddable":true,"href":"https:\/\/steelframeproducts.com\/ca\/wp-json\/wp\/v2\/media\/319"}],"wp:attachment":[{"href":"https:\/\/steelframeproducts.com\/ca\/wp-json\/wp\/v2\/media?parent=277"}],"wp:term":[{"taxonomy":"product_brand","embeddable":true,"href":"https:\/\/steelframeproducts.com\/ca\/wp-json\/wp\/v2\/product_brand?post=277"},{"taxonomy":"product_cat","embeddable":true,"href":"https:\/\/steelframeproducts.com\/ca\/wp-json\/wp\/v2\/product_cat?post=277"},{"taxonomy":"product_tag","embeddable":true,"href":"https:\/\/steelframeproducts.com\/ca\/wp-json\/wp\/v2\/product_tag?post=277"}],"curies":[{"name":"wp","href":"https:\/\/api.w.org\/{rel}","templated":true}]}}