{"id":271,"date":"2025-10-03T14:22:41","date_gmt":"2025-10-03T12:22:41","guid":{"rendered":"https:\/\/steelframeproducts.com\/?post_type=product&#038;p=271"},"modified":"2025-11-12T10:10:23","modified_gmt":"2025-11-12T09:10:23","slug":"the-dimpler-usg-sheetrock","status":"publish","type":"product","link":"https:\/\/steelframeproducts.com\/ca\/product\/the-dimpler-usg-sheetrock\/","title":{"rendered":"THE DIMPLER USG SHEETROCK"},"content":{"rendered":"","protected":false},"excerpt":{"rendered":"<p>El Dimpler de USG es un accesorio especial que convierte cualquier taladro el\u00e9ctrico est\u00e1ndar en una pistola atornilladora profesional. Una vez colocado, The Dimpler avellana los tornillos perfectamente al evitar que el tornillo penetre demasiado y debilite el n\u00facleo de yeso del panel de yeso. El Dimpler es ideal para la mayor\u00eda de los materiales de construcci\u00f3n.<\/p>","protected":false},"featured_media":322,"comment_status":"open","ping_status":"closed","template":"","meta":[],"product_brand":[],"product_cat":[53],"product_tag":[],"class_list":{"0":"post-271","1":"product","2":"type-product","3":"status-publish","4":"has-post-thumbnail","6":"product_cat-herramientas","8":"first","9":"instock","10":"shipping-taxable","11":"purchasable","12":"product-type-simple"},"_links":{"self":[{"href":"https:\/\/steelframeproducts.com\/ca\/wp-json\/wp\/v2\/product\/271","targetHints":{"allow":["GET"]}}],"collection":[{"href":"https:\/\/steelframeproducts.com\/ca\/wp-json\/wp\/v2\/product"}],"about":[{"href":"https:\/\/steelframeproducts.com\/ca\/wp-json\/wp\/v2\/types\/product"}],"replies":[{"embeddable":true,"href":"https:\/\/steelframeproducts.com\/ca\/wp-json\/wp\/v2\/comments?post=271"}],"wp:featuredmedia":[{"embeddable":true,"href":"https:\/\/steelframeproducts.com\/ca\/wp-json\/wp\/v2\/media\/322"}],"wp:attachment":[{"href":"https:\/\/steelframeproducts.com\/ca\/wp-json\/wp\/v2\/media?parent=271"}],"wp:term":[{"taxonomy":"product_brand","embeddable":true,"href":"https:\/\/steelframeproducts.com\/ca\/wp-json\/wp\/v2\/product_brand?post=271"},{"taxonomy":"product_cat","embeddable":true,"href":"https:\/\/steelframeproducts.com\/ca\/wp-json\/wp\/v2\/product_cat?post=271"},{"taxonomy":"product_tag","embeddable":true,"href":"https:\/\/steelframeproducts.com\/ca\/wp-json\/wp\/v2\/product_tag?post=271"}],"curies":[{"name":"wp","href":"https:\/\/api.w.org\/{rel}","templated":true}]}}