{"id":267,"date":"2025-10-03T14:16:30","date_gmt":"2025-10-03T12:16:30","guid":{"rendered":"https:\/\/steelframeproducts.com\/?post_type=product&#038;p=267"},"modified":"2025-11-12T10:11:45","modified_gmt":"2025-11-12T09:11:45","slug":"cinturon-portaherramientas","status":"publish","type":"product","link":"https:\/\/steelframeproducts.com\/ca\/product\/cinturon-portaherramientas\/","title":{"rendered":"CINTURON PORTAHERRAMIENTAS"},"content":{"rendered":"","protected":false},"excerpt":{"rendered":"<p>Cintur\u00f3n portaherramientas DEWALT ideal para organizar bien las herramientas y piezas en las tareas de construcci\u00f3n. Se adapta a todas las tallas de cintura. Est\u00e1 hecho con malla transpirable y una base de PVC que protege contra el desgaste.<\/p>","protected":false},"featured_media":324,"comment_status":"open","ping_status":"closed","template":"","meta":[],"product_brand":[],"product_cat":[53],"product_tag":[],"class_list":{"0":"post-267","1":"product","2":"type-product","3":"status-publish","4":"has-post-thumbnail","6":"product_cat-herramientas","8":"first","9":"instock","10":"shipping-taxable","11":"purchasable","12":"product-type-simple"},"_links":{"self":[{"href":"https:\/\/steelframeproducts.com\/ca\/wp-json\/wp\/v2\/product\/267","targetHints":{"allow":["GET"]}}],"collection":[{"href":"https:\/\/steelframeproducts.com\/ca\/wp-json\/wp\/v2\/product"}],"about":[{"href":"https:\/\/steelframeproducts.com\/ca\/wp-json\/wp\/v2\/types\/product"}],"replies":[{"embeddable":true,"href":"https:\/\/steelframeproducts.com\/ca\/wp-json\/wp\/v2\/comments?post=267"}],"wp:featuredmedia":[{"embeddable":true,"href":"https:\/\/steelframeproducts.com\/ca\/wp-json\/wp\/v2\/media\/324"}],"wp:attachment":[{"href":"https:\/\/steelframeproducts.com\/ca\/wp-json\/wp\/v2\/media?parent=267"}],"wp:term":[{"taxonomy":"product_brand","embeddable":true,"href":"https:\/\/steelframeproducts.com\/ca\/wp-json\/wp\/v2\/product_brand?post=267"},{"taxonomy":"product_cat","embeddable":true,"href":"https:\/\/steelframeproducts.com\/ca\/wp-json\/wp\/v2\/product_cat?post=267"},{"taxonomy":"product_tag","embeddable":true,"href":"https:\/\/steelframeproducts.com\/ca\/wp-json\/wp\/v2\/product_tag?post=267"}],"curies":[{"name":"wp","href":"https:\/\/api.w.org\/{rel}","templated":true}]}}