{"id":249,"date":"2025-10-03T14:04:30","date_gmt":"2025-10-03T12:04:30","guid":{"rendered":"https:\/\/steelframeproducts.com\/?post_type=product&#038;p=249"},"modified":"2025-11-12T10:17:36","modified_gmt":"2025-11-12T09:17:36","slug":"nivel-laser-autonivelante","status":"publish","type":"product","link":"https:\/\/steelframeproducts.com\/ca\/product\/nivel-laser-autonivelante\/","title":{"rendered":"NIVEL L\u00c1SER AUTONIVELANTE"},"content":{"rendered":"","protected":false},"excerpt":{"rendered":"<p>Nivel l\u00e1ser autonivelante de 3 l\u00edneas 360\u00ba con bater\u00eda 18V Li-Ion 2.0 Ah. Precisi\u00f3n de +\/- 3 mm a 10 metros. Alcance 40 m (100 m con receptor), soporte pivotante con imanes para fijaci\u00f3n, IP54, diodo de haz de luz verde de gran visibilidad. Incluye malet\u00edn con 2 bater\u00edas y cargador.<\/p>","protected":false},"featured_media":334,"comment_status":"open","ping_status":"closed","template":"","meta":[],"product_brand":[],"product_cat":[53],"product_tag":[],"class_list":{"0":"post-249","1":"product","2":"type-product","3":"status-publish","4":"has-post-thumbnail","6":"product_cat-herramientas","8":"first","9":"instock","10":"shipping-taxable","11":"purchasable","12":"product-type-simple"},"_links":{"self":[{"href":"https:\/\/steelframeproducts.com\/ca\/wp-json\/wp\/v2\/product\/249","targetHints":{"allow":["GET"]}}],"collection":[{"href":"https:\/\/steelframeproducts.com\/ca\/wp-json\/wp\/v2\/product"}],"about":[{"href":"https:\/\/steelframeproducts.com\/ca\/wp-json\/wp\/v2\/types\/product"}],"replies":[{"embeddable":true,"href":"https:\/\/steelframeproducts.com\/ca\/wp-json\/wp\/v2\/comments?post=249"}],"wp:featuredmedia":[{"embeddable":true,"href":"https:\/\/steelframeproducts.com\/ca\/wp-json\/wp\/v2\/media\/334"}],"wp:attachment":[{"href":"https:\/\/steelframeproducts.com\/ca\/wp-json\/wp\/v2\/media?parent=249"}],"wp:term":[{"taxonomy":"product_brand","embeddable":true,"href":"https:\/\/steelframeproducts.com\/ca\/wp-json\/wp\/v2\/product_brand?post=249"},{"taxonomy":"product_cat","embeddable":true,"href":"https:\/\/steelframeproducts.com\/ca\/wp-json\/wp\/v2\/product_cat?post=249"},{"taxonomy":"product_tag","embeddable":true,"href":"https:\/\/steelframeproducts.com\/ca\/wp-json\/wp\/v2\/product_tag?post=249"}],"curies":[{"name":"wp","href":"https:\/\/api.w.org\/{rel}","templated":true}]}}