{"id":231,"date":"2025-10-03T13:42:43","date_gmt":"2025-10-03T11:42:43","guid":{"rendered":"https:\/\/steelframeproducts.com\/?post_type=product&#038;p=231"},"modified":"2025-11-12T10:30:54","modified_gmt":"2025-11-12T09:30:54","slug":"spray-zinc-claro","status":"publish","type":"product","link":"https:\/\/steelframeproducts.com\/ca\/product\/spray-zinc-claro\/","title":{"rendered":"SPRAY ZINC CLARO"},"content":{"rendered":"","protected":false},"excerpt":{"rendered":"<p>Spray de galvanizado en frio a base de resinas tipo sint\u00e9tico. Solidifica qu\u00edmicamente produciendo un revestimiento met\u00e1lico de elevada duraci\u00f3n. Protege todas las superficies met\u00e1licas de la oxidaci\u00f3n. Ideal para aplicar en aquellas zonas donde cortes o taladros han dejado el acero expuesto.<\/p>\n<p>Spray de 400 ml<\/p>","protected":false},"featured_media":343,"comment_status":"open","ping_status":"closed","template":"","meta":[],"product_brand":[],"product_cat":[52],"product_tag":[],"class_list":{"0":"post-231","1":"product","2":"type-product","3":"status-publish","4":"has-post-thumbnail","6":"product_cat-complementos-del-sistema","8":"first","9":"instock","10":"shipping-taxable","11":"purchasable","12":"product-type-simple"},"_links":{"self":[{"href":"https:\/\/steelframeproducts.com\/ca\/wp-json\/wp\/v2\/product\/231","targetHints":{"allow":["GET"]}}],"collection":[{"href":"https:\/\/steelframeproducts.com\/ca\/wp-json\/wp\/v2\/product"}],"about":[{"href":"https:\/\/steelframeproducts.com\/ca\/wp-json\/wp\/v2\/types\/product"}],"replies":[{"embeddable":true,"href":"https:\/\/steelframeproducts.com\/ca\/wp-json\/wp\/v2\/comments?post=231"}],"wp:featuredmedia":[{"embeddable":true,"href":"https:\/\/steelframeproducts.com\/ca\/wp-json\/wp\/v2\/media\/343"}],"wp:attachment":[{"href":"https:\/\/steelframeproducts.com\/ca\/wp-json\/wp\/v2\/media?parent=231"}],"wp:term":[{"taxonomy":"product_brand","embeddable":true,"href":"https:\/\/steelframeproducts.com\/ca\/wp-json\/wp\/v2\/product_brand?post=231"},{"taxonomy":"product_cat","embeddable":true,"href":"https:\/\/steelframeproducts.com\/ca\/wp-json\/wp\/v2\/product_cat?post=231"},{"taxonomy":"product_tag","embeddable":true,"href":"https:\/\/steelframeproducts.com\/ca\/wp-json\/wp\/v2\/product_tag?post=231"}],"curies":[{"name":"wp","href":"https:\/\/api.w.org\/{rel}","templated":true}]}}