{"id":227,"date":"2025-10-03T13:39:58","date_gmt":"2025-10-03T11:39:58","guid":{"rendered":"https:\/\/steelframeproducts.com\/?post_type=product&#038;p=227"},"modified":"2025-11-12T10:32:38","modified_gmt":"2025-11-12T09:32:38","slug":"sellador-de-poliuretano","status":"publish","type":"product","link":"https:\/\/steelframeproducts.com\/ca\/product\/sellador-de-poliuretano\/","title":{"rendered":"SELLADOR DE POLIURETANO"},"content":{"rendered":"","protected":false},"excerpt":{"rendered":"<p>Sellador monocomponente Soudalflex 40FC, el\u00e1stico y de gran calidad a base de poliuretano. Ideal para sellar la uni\u00f3n del per\u00edmetro de la estructura de Steel Framing con la losa de Hormig\u00f3n. Color gris.<\/p>\n<p>Salchicha de 600 ml.<\/p>","protected":false},"featured_media":345,"comment_status":"open","ping_status":"closed","template":"","meta":[],"product_brand":[],"product_cat":[52],"product_tag":[],"class_list":{"0":"post-227","1":"product","2":"type-product","3":"status-publish","4":"has-post-thumbnail","6":"product_cat-complementos-del-sistema","8":"first","9":"instock","10":"shipping-taxable","11":"purchasable","12":"product-type-simple"},"_links":{"self":[{"href":"https:\/\/steelframeproducts.com\/ca\/wp-json\/wp\/v2\/product\/227","targetHints":{"allow":["GET"]}}],"collection":[{"href":"https:\/\/steelframeproducts.com\/ca\/wp-json\/wp\/v2\/product"}],"about":[{"href":"https:\/\/steelframeproducts.com\/ca\/wp-json\/wp\/v2\/types\/product"}],"replies":[{"embeddable":true,"href":"https:\/\/steelframeproducts.com\/ca\/wp-json\/wp\/v2\/comments?post=227"}],"wp:featuredmedia":[{"embeddable":true,"href":"https:\/\/steelframeproducts.com\/ca\/wp-json\/wp\/v2\/media\/345"}],"wp:attachment":[{"href":"https:\/\/steelframeproducts.com\/ca\/wp-json\/wp\/v2\/media?parent=227"}],"wp:term":[{"taxonomy":"product_brand","embeddable":true,"href":"https:\/\/steelframeproducts.com\/ca\/wp-json\/wp\/v2\/product_brand?post=227"},{"taxonomy":"product_cat","embeddable":true,"href":"https:\/\/steelframeproducts.com\/ca\/wp-json\/wp\/v2\/product_cat?post=227"},{"taxonomy":"product_tag","embeddable":true,"href":"https:\/\/steelframeproducts.com\/ca\/wp-json\/wp\/v2\/product_tag?post=227"}],"curies":[{"name":"wp","href":"https:\/\/api.w.org\/{rel}","templated":true}]}}