{"id":223,"date":"2025-10-03T13:37:24","date_gmt":"2025-10-03T11:37:24","guid":{"rendered":"https:\/\/steelframeproducts.com\/?post_type=product&#038;p=223"},"modified":"2025-11-12T10:33:49","modified_gmt":"2025-11-12T09:33:49","slug":"arandela-ancha","status":"publish","type":"product","link":"https:\/\/steelframeproducts.com\/ca\/product\/arandela-ancha\/","title":{"rendered":"ARANDELA ANCHA"},"content":{"rendered":"","protected":false},"excerpt":{"rendered":"<p>Caja de arandela ancha de acero cincado CELO sobredimensionada para utilizar en la vinculaci\u00f3n de paneles de fibrocemento a la estructura de Steel Framing. Medidas: di\u00e1metro exterior=15 mm, di\u00e1metro interior=5,3 mm, grosor=1,2 mm.<\/p>\n<p>Caja de 500 ud.<\/p>","protected":false},"featured_media":347,"comment_status":"open","ping_status":"closed","template":"","meta":[],"product_brand":[],"product_cat":[52],"product_tag":[],"class_list":{"0":"post-223","1":"product","2":"type-product","3":"status-publish","4":"has-post-thumbnail","6":"product_cat-complementos-del-sistema","8":"first","9":"instock","10":"shipping-taxable","11":"purchasable","12":"product-type-simple"},"_links":{"self":[{"href":"https:\/\/steelframeproducts.com\/ca\/wp-json\/wp\/v2\/product\/223","targetHints":{"allow":["GET"]}}],"collection":[{"href":"https:\/\/steelframeproducts.com\/ca\/wp-json\/wp\/v2\/product"}],"about":[{"href":"https:\/\/steelframeproducts.com\/ca\/wp-json\/wp\/v2\/types\/product"}],"replies":[{"embeddable":true,"href":"https:\/\/steelframeproducts.com\/ca\/wp-json\/wp\/v2\/comments?post=223"}],"wp:featuredmedia":[{"embeddable":true,"href":"https:\/\/steelframeproducts.com\/ca\/wp-json\/wp\/v2\/media\/347"}],"wp:attachment":[{"href":"https:\/\/steelframeproducts.com\/ca\/wp-json\/wp\/v2\/media?parent=223"}],"wp:term":[{"taxonomy":"product_brand","embeddable":true,"href":"https:\/\/steelframeproducts.com\/ca\/wp-json\/wp\/v2\/product_brand?post=223"},{"taxonomy":"product_cat","embeddable":true,"href":"https:\/\/steelframeproducts.com\/ca\/wp-json\/wp\/v2\/product_cat?post=223"},{"taxonomy":"product_tag","embeddable":true,"href":"https:\/\/steelframeproducts.com\/ca\/wp-json\/wp\/v2\/product_tag?post=223"}],"curies":[{"name":"wp","href":"https:\/\/api.w.org\/{rel}","templated":true}]}}