{"id":217,"date":"2025-10-03T13:31:20","date_gmt":"2025-10-03T11:31:20","guid":{"rendered":"https:\/\/steelframeproducts.com\/?post_type=product&#038;p=217"},"modified":"2025-11-12T10:35:44","modified_gmt":"2025-11-12T09:35:44","slug":"tornillo-de-cabeza-exagonal","status":"publish","type":"product","link":"https:\/\/steelframeproducts.com\/ca\/product\/tornillo-de-cabeza-exagonal\/","title":{"rendered":"TORNILLO DE CABEZA EXAGONAL"},"content":{"rendered":"","protected":false},"excerpt":{"rendered":"<p>Caja de tornillos cincados CELO punta broca DIN 7504K 6,3&#215;25 con cabeza exagonal para llave SW10 y arandela estampada. Ideal para la uni\u00f3n de conectores, refuerzoa y creaci\u00f3n de elementos estructurales en Steel Framing. Medidas: di\u00e1metro=6,3 mm, largo=19 mm.<\/p>\n<p>Caja de 500 ud.<\/p>","protected":false},"featured_media":350,"comment_status":"open","ping_status":"closed","template":"","meta":[],"product_brand":[],"product_cat":[52],"product_tag":[],"class_list":{"0":"post-217","1":"product","2":"type-product","3":"status-publish","4":"has-post-thumbnail","6":"product_cat-complementos-del-sistema","8":"first","9":"instock","10":"shipping-taxable","11":"purchasable","12":"product-type-simple"},"_links":{"self":[{"href":"https:\/\/steelframeproducts.com\/ca\/wp-json\/wp\/v2\/product\/217","targetHints":{"allow":["GET"]}}],"collection":[{"href":"https:\/\/steelframeproducts.com\/ca\/wp-json\/wp\/v2\/product"}],"about":[{"href":"https:\/\/steelframeproducts.com\/ca\/wp-json\/wp\/v2\/types\/product"}],"replies":[{"embeddable":true,"href":"https:\/\/steelframeproducts.com\/ca\/wp-json\/wp\/v2\/comments?post=217"}],"wp:featuredmedia":[{"embeddable":true,"href":"https:\/\/steelframeproducts.com\/ca\/wp-json\/wp\/v2\/media\/350"}],"wp:attachment":[{"href":"https:\/\/steelframeproducts.com\/ca\/wp-json\/wp\/v2\/media?parent=217"}],"wp:term":[{"taxonomy":"product_brand","embeddable":true,"href":"https:\/\/steelframeproducts.com\/ca\/wp-json\/wp\/v2\/product_brand?post=217"},{"taxonomy":"product_cat","embeddable":true,"href":"https:\/\/steelframeproducts.com\/ca\/wp-json\/wp\/v2\/product_cat?post=217"},{"taxonomy":"product_tag","embeddable":true,"href":"https:\/\/steelframeproducts.com\/ca\/wp-json\/wp\/v2\/product_tag?post=217"}],"curies":[{"name":"wp","href":"https:\/\/api.w.org\/{rel}","templated":true}]}}