{"id":215,"date":"2025-10-03T13:30:00","date_gmt":"2025-10-03T11:30:00","guid":{"rendered":"https:\/\/steelframeproducts.com\/?post_type=product&#038;p=215"},"modified":"2025-11-12T11:14:41","modified_gmt":"2025-11-12T10:14:41","slug":"tornillo-de-cabeza-extra-plana","status":"publish","type":"product","link":"https:\/\/steelframeproducts.com\/ca\/product\/tornillo-de-cabeza-extra-plana\/","title":{"rendered":"TORNILLO DE CABEZA EXTRA PLANA"},"content":{"rendered":"","protected":false},"excerpt":{"rendered":"<p>Caja de tornillos cincados CELO punta broca 75HA 4,2X19 con cabeza ancha y arandela estampada. Ideal para la uni\u00f3n de perfiles y la creaci\u00f3n de paneles d\u00f3nde se requiera una superficie lo m\u00e1s plana posible. Medidas: di\u00e1metro=4,2 mm, largo=19 mm.<\/p>\n<p>Caja de 250 ud.<\/p>","protected":false},"featured_media":351,"comment_status":"open","ping_status":"closed","template":"","meta":[],"product_brand":[],"product_cat":[52],"product_tag":[],"class_list":{"0":"post-215","1":"product","2":"type-product","3":"status-publish","4":"has-post-thumbnail","6":"product_cat-complementos-del-sistema","8":"first","9":"instock","10":"shipping-taxable","11":"purchasable","12":"product-type-simple"},"_links":{"self":[{"href":"https:\/\/steelframeproducts.com\/ca\/wp-json\/wp\/v2\/product\/215","targetHints":{"allow":["GET"]}}],"collection":[{"href":"https:\/\/steelframeproducts.com\/ca\/wp-json\/wp\/v2\/product"}],"about":[{"href":"https:\/\/steelframeproducts.com\/ca\/wp-json\/wp\/v2\/types\/product"}],"replies":[{"embeddable":true,"href":"https:\/\/steelframeproducts.com\/ca\/wp-json\/wp\/v2\/comments?post=215"}],"wp:featuredmedia":[{"embeddable":true,"href":"https:\/\/steelframeproducts.com\/ca\/wp-json\/wp\/v2\/media\/351"}],"wp:attachment":[{"href":"https:\/\/steelframeproducts.com\/ca\/wp-json\/wp\/v2\/media?parent=215"}],"wp:term":[{"taxonomy":"product_brand","embeddable":true,"href":"https:\/\/steelframeproducts.com\/ca\/wp-json\/wp\/v2\/product_brand?post=215"},{"taxonomy":"product_cat","embeddable":true,"href":"https:\/\/steelframeproducts.com\/ca\/wp-json\/wp\/v2\/product_cat?post=215"},{"taxonomy":"product_tag","embeddable":true,"href":"https:\/\/steelframeproducts.com\/ca\/wp-json\/wp\/v2\/product_tag?post=215"}],"curies":[{"name":"wp","href":"https:\/\/api.w.org\/{rel}","templated":true}]}}