{"id":195,"date":"2025-10-03T13:16:45","date_gmt":"2025-10-03T11:16:45","guid":{"rendered":"https:\/\/steelframeproducts.com\/?post_type=product&#038;p=195"},"modified":"2025-11-12T11:37:46","modified_gmt":"2025-11-12T10:37:46","slug":"anclaje-htt14","status":"publish","type":"product","link":"https:\/\/steelframeproducts.com\/ca\/product\/anclaje-htt14\/","title":{"rendered":"ANCLAJE HTT14"},"content":{"rendered":"","protected":false},"excerpt":{"rendered":"<p>Pieza de anclaje estructural de acero S280 con tratamiento superficial galvanizado Z275. Ideada crucialmente para la vinculaci\u00f3n de estructuras de Steel Framing a la losa de cimentaci\u00f3n. Se recomienda la utilizaci\u00f3n de arandela de fijaci\u00f3n, taco qu\u00edmico HUS4-MAX M16 y anclaje HAS-U 5,8 M16x150 para una correcta instalaci\u00f3n.<\/p>","protected":false},"featured_media":361,"comment_status":"open","ping_status":"closed","template":"","meta":[],"product_brand":[],"product_cat":[52],"product_tag":[],"class_list":{"0":"post-195","1":"product","2":"type-product","3":"status-publish","4":"has-post-thumbnail","6":"product_cat-complementos-del-sistema","8":"first","9":"instock","10":"shipping-taxable","11":"purchasable","12":"product-type-simple"},"_links":{"self":[{"href":"https:\/\/steelframeproducts.com\/ca\/wp-json\/wp\/v2\/product\/195","targetHints":{"allow":["GET"]}}],"collection":[{"href":"https:\/\/steelframeproducts.com\/ca\/wp-json\/wp\/v2\/product"}],"about":[{"href":"https:\/\/steelframeproducts.com\/ca\/wp-json\/wp\/v2\/types\/product"}],"replies":[{"embeddable":true,"href":"https:\/\/steelframeproducts.com\/ca\/wp-json\/wp\/v2\/comments?post=195"}],"wp:featuredmedia":[{"embeddable":true,"href":"https:\/\/steelframeproducts.com\/ca\/wp-json\/wp\/v2\/media\/361"}],"wp:attachment":[{"href":"https:\/\/steelframeproducts.com\/ca\/wp-json\/wp\/v2\/media?parent=195"}],"wp:term":[{"taxonomy":"product_brand","embeddable":true,"href":"https:\/\/steelframeproducts.com\/ca\/wp-json\/wp\/v2\/product_brand?post=195"},{"taxonomy":"product_cat","embeddable":true,"href":"https:\/\/steelframeproducts.com\/ca\/wp-json\/wp\/v2\/product_cat?post=195"},{"taxonomy":"product_tag","embeddable":true,"href":"https:\/\/steelframeproducts.com\/ca\/wp-json\/wp\/v2\/product_tag?post=195"}],"curies":[{"name":"wp","href":"https:\/\/api.w.org\/{rel}","templated":true}]}}