{"id":191,"date":"2025-10-03T13:14:54","date_gmt":"2025-10-03T11:14:54","guid":{"rendered":"https:\/\/steelframeproducts.com\/?post_type=product&#038;p=191"},"modified":"2025-11-12T11:38:53","modified_gmt":"2025-11-12T10:38:53","slug":"conector","status":"publish","type":"product","link":"https:\/\/steelframeproducts.com\/ca\/product\/conector\/","title":{"rendered":"CONECTOR"},"content":{"rendered":"","protected":false},"excerpt":{"rendered":"<p>Conector de acero S280 con tratamiento superficial galvanizado Z275, con perforaciones preparadas para la torniller\u00eda. Ideal para la vinculaci\u00f3n de perfiles estructurales de Steel Frame en \u00e1ngulo de 90\u00ba.<\/p>","protected":false},"featured_media":363,"comment_status":"open","ping_status":"closed","template":"","meta":[],"product_brand":[],"product_cat":[52],"product_tag":[],"class_list":{"0":"post-191","1":"product","2":"type-product","3":"status-publish","4":"has-post-thumbnail","6":"product_cat-complementos-del-sistema","8":"first","9":"instock","10":"shipping-taxable","11":"purchasable","12":"product-type-simple"},"_links":{"self":[{"href":"https:\/\/steelframeproducts.com\/ca\/wp-json\/wp\/v2\/product\/191","targetHints":{"allow":["GET"]}}],"collection":[{"href":"https:\/\/steelframeproducts.com\/ca\/wp-json\/wp\/v2\/product"}],"about":[{"href":"https:\/\/steelframeproducts.com\/ca\/wp-json\/wp\/v2\/types\/product"}],"replies":[{"embeddable":true,"href":"https:\/\/steelframeproducts.com\/ca\/wp-json\/wp\/v2\/comments?post=191"}],"wp:featuredmedia":[{"embeddable":true,"href":"https:\/\/steelframeproducts.com\/ca\/wp-json\/wp\/v2\/media\/363"}],"wp:attachment":[{"href":"https:\/\/steelframeproducts.com\/ca\/wp-json\/wp\/v2\/media?parent=191"}],"wp:term":[{"taxonomy":"product_brand","embeddable":true,"href":"https:\/\/steelframeproducts.com\/ca\/wp-json\/wp\/v2\/product_brand?post=191"},{"taxonomy":"product_cat","embeddable":true,"href":"https:\/\/steelframeproducts.com\/ca\/wp-json\/wp\/v2\/product_cat?post=191"},{"taxonomy":"product_tag","embeddable":true,"href":"https:\/\/steelframeproducts.com\/ca\/wp-json\/wp\/v2\/product_tag?post=191"}],"curies":[{"name":"wp","href":"https:\/\/api.w.org\/{rel}","templated":true}]}}