{"id":185,"date":"2025-10-03T13:11:07","date_gmt":"2025-10-03T11:11:07","guid":{"rendered":"https:\/\/steelframeproducts.com\/?post_type=product&#038;p=185"},"modified":"2025-11-12T11:40:22","modified_gmt":"2025-11-12T10:40:22","slug":"arandela-de-fijacion","status":"publish","type":"product","link":"https:\/\/steelframeproducts.com\/ca\/product\/arandela-de-fijacion\/","title":{"rendered":"ARANDELA DE FIJACI\u00d3N"},"content":{"rendered":"","protected":false},"excerpt":{"rendered":"<p>Arandela de acero S280 con tratamiento superficial galvanizado Z275. Ideal para la colocaci\u00f3n de anclajes constructivos de tipo mec\u00e1nico o de expansi\u00f3n. As\u00ed mismo, se utilizan en el afijaci\u00f3n de conectores de columna o en anclajes HTT14. Medidad: 45x45x3 mm.<\/p>","protected":false},"featured_media":366,"comment_status":"open","ping_status":"closed","template":"","meta":[],"product_brand":[],"product_cat":[52],"product_tag":[],"class_list":{"0":"post-185","1":"product","2":"type-product","3":"status-publish","4":"has-post-thumbnail","6":"product_cat-complementos-del-sistema","8":"first","9":"instock","10":"shipping-taxable","11":"purchasable","12":"product-type-simple"},"_links":{"self":[{"href":"https:\/\/steelframeproducts.com\/ca\/wp-json\/wp\/v2\/product\/185","targetHints":{"allow":["GET"]}}],"collection":[{"href":"https:\/\/steelframeproducts.com\/ca\/wp-json\/wp\/v2\/product"}],"about":[{"href":"https:\/\/steelframeproducts.com\/ca\/wp-json\/wp\/v2\/types\/product"}],"replies":[{"embeddable":true,"href":"https:\/\/steelframeproducts.com\/ca\/wp-json\/wp\/v2\/comments?post=185"}],"wp:featuredmedia":[{"embeddable":true,"href":"https:\/\/steelframeproducts.com\/ca\/wp-json\/wp\/v2\/media\/366"}],"wp:attachment":[{"href":"https:\/\/steelframeproducts.com\/ca\/wp-json\/wp\/v2\/media?parent=185"}],"wp:term":[{"taxonomy":"product_brand","embeddable":true,"href":"https:\/\/steelframeproducts.com\/ca\/wp-json\/wp\/v2\/product_brand?post=185"},{"taxonomy":"product_cat","embeddable":true,"href":"https:\/\/steelframeproducts.com\/ca\/wp-json\/wp\/v2\/product_cat?post=185"},{"taxonomy":"product_tag","embeddable":true,"href":"https:\/\/steelframeproducts.com\/ca\/wp-json\/wp\/v2\/product_tag?post=185"}],"curies":[{"name":"wp","href":"https:\/\/api.w.org\/{rel}","templated":true}]}}