{"id":71,"date":"2020-11-28T07:14:31","date_gmt":"2020-11-28T06:14:31","guid":{"rendered":"https:\/\/steelframeproducts.com\/about\/"},"modified":"2025-07-16T12:01:59","modified_gmt":"2025-07-16T10:01:59","slug":"about","status":"publish","type":"page","link":"https:\/\/steelframeproducts.com\/ca\/about\/","title":{"rendered":"Sobre Nosotros"},"content":{"rendered":"<div data-elementor-type=\"wp-page\" data-elementor-id=\"71\" class=\"elementor elementor-71\">\n\t\t\t\t<div class=\"aux-parallax-section elementor-element elementor-element-ab631a6 e-flex e-con-boxed e-con e-parent\" data-id=\"ab631a6\" data-element_type=\"container\">\n\t\t\t\t\t<div class=\"e-con-inner\">\n\t\t<div class=\"elementor-element elementor-element-0d4300b e-con-full e-flex e-con e-child\" data-id=\"0d4300b\" data-element_type=\"container\">\n\t\t\t\t<div class=\"elementor-element elementor-element-d4ca28e aux-appear-watch-animation aux-slide-from-top elementor-widget elementor-widget-aux_simple_svg\" data-id=\"d4ca28e\" data-element_type=\"widget\" data-widget_type=\"aux_simple_svg.default\">\n\t\t\t\t<div class=\"elementor-widget-container\">\n\t\t\t\t\t    <div class=\"aux-widget-container aux-simple-svg-container\">\n        <div class=\"aux-widget-container-inner\">\n            <div class=\"aux-the-svg\"><svg xmlns=\"http:\/\/www.w3.org\/2000\/svg\" width=\"41.51\" height=\"50.724\" viewbox=\"0 0 51.51 50.724\"><g transform=\"translate(0.75 0.75)\"><g transform=\"translate(0 0)\"><path d=\"M254.275,221.756c5.81.01,12.093-.644,16.672-5.159,6.991-6.9-.244-10.743-.332-14.226-.131-5.224.376-11.488-4.071-14.477-2.775-1.867-7.528-1.725-12.27-1.638h-.015c-4.742-.086-9.495-.228-12.27,1.638-4.447,2.99-3.94,9.253-4.071,14.477-.087,3.483-7.323,7.331-.332,14.226,4.579,4.516,10.862,5.169,16.672,5.159Z\" transform=\"translate(-229.253 -182.1)\" fill=\"#fa8c16\" \/><g transform=\"translate(7.398 40.518)\"><path d=\"M244.51,277.818l-2.1,8.707h2.1l4.786-7.231Z\" transform=\"translate(-242.413 -277.818)\" fill=\"none\" stroke=\"#000\" stroke-width=\"1.5\" \/><path d=\"M316.59,277.818l2.1,8.707h-2.1l-4.786-7.231Z\" transform=\"translate(-283.472 -277.818)\" fill=\"none\" stroke=\"#000\" stroke-width=\"1.5\" \/><\/g><path d=\"M275.484,197.642c-1.172-10.772-2.547-19.059-11.2-19.059H244.023c-8.652,0-10.027,8.288-11.2,19.059\" transform=\"translate(-229.341 -178.583)\" fill=\"none\" stroke=\"#000\" stroke-width=\"1.5\" \/><path d=\"M273.92,233.987H263.336a1.962,1.962,0,0,0-1.962,1.962v2.627a5.7,5.7,0,0,1-5.7,5.7H242.931a5.7,5.7,0,0,1-5.7-5.7v-2.627a1.962,1.962,0,0,0-1.962-1.962H224.681a.386.386,0,0,0-.386.386\" transform=\"translate(-224.295 -211.366)\" fill=\"none\" stroke=\"#000\" stroke-width=\"1.5\" \/><path d=\"M224.295,234.373h0a19.944,19.944,0,0,0,19.944,19.944h10.122a19.944,19.944,0,0,0,19.944-19.944h0a.386.386,0,0,0-.386-.386\" transform=\"translate(-224.295 -211.366)\" fill=\"none\" stroke=\"#000\" stroke-width=\"1.5\" \/><\/g><\/g><\/svg><\/div>\n        <\/div>\n    <\/div>\n    \t\t\t\t<\/div>\n\t\t\t\t<\/div>\n\t\t\t\t<div class=\"elementor-element elementor-element-8ae330a aux-appear-watch-animation aux-fade-in-up elementor-widget elementor-widget-aux_modern_heading\" data-id=\"8ae330a\" data-element_type=\"widget\" data-widget_type=\"aux_modern_heading.default\">\n\t\t\t\t<div class=\"elementor-widget-container\">\n\t\t\t\t\t<section class=\"aux-widget-modern-heading\">\n            <div class=\"aux-widget-inner\"><h5 class=\"aux-modern-heading-primary\">Steel Frame Products, Grupo TROFONI<\/h5><h4 class=\"aux-modern-heading-secondary\"><span class=\"aux-head-before\">EL FUTURO DE LA CONSTRUCCI\u00d3N<\/span><\/h4><\/div>\n        <\/section>\t\t\t\t<\/div>\n\t\t\t\t<\/div>\n\t\t\t\t<div class=\"elementor-element elementor-element-49c3420 aux-appear-watch-animation aux-fade-in-up elementor-widget elementor-widget-aux_image\" data-id=\"49c3420\" data-element_type=\"widget\" data-widget_type=\"aux_image.default\">\n\t\t\t\t<div class=\"elementor-widget-container\">\n\t\t\t\t\t<section class=\"widget-container aux-widget-image aux-alignnone aux-parent-aubd79811a\">\n    <div class=\"aux-media-hint-frame\">\n        <div class=\"aux-media-image\" >\n        \n            \n\n            \n            <img decoding=\"async\" src=\"https:\/\/steelframeproducts.com\/wp-content\/uploads\/2025\/07\/Diseno-sin-titulo-5.jpg\" alt=\"Disen\u0303o sin ti\u0301tulo (5)\" \/>            \n                <\/div>\n    <\/div>\n\n<\/section><!-- widget-container -->\t\t\t\t<\/div>\n\t\t\t\t<\/div>\n\t\t\t\t<\/div>\n\t\t\t\t\t<\/div>\n\t\t\t\t<\/div>\n\t\t<div class=\"aux-parallax-section elementor-element elementor-element-ef12c4c e-flex e-con-boxed e-con e-parent\" data-id=\"ef12c4c\" data-element_type=\"container\">\n\t\t\t\t\t<div class=\"e-con-inner\">\n\t\t<div class=\"elementor-element elementor-element-6529d7b e-con-full e-flex e-con e-child\" data-id=\"6529d7b\" data-element_type=\"container\">\n\t\t\t\t<div class=\"elementor-element elementor-element-5c5913a aux-appear-watch-animation aux-slide-from-bot elementor-widget__width-initial elementor-widget elementor-widget-heading\" data-id=\"5c5913a\" data-element_type=\"widget\" data-widget_type=\"heading.default\">\n\t\t\t\t<div class=\"elementor-widget-container\">\n\t\t\t\t\t<h3 class=\"elementor-heading-title elementor-size-default\">30 a\u00f1os de experiencia en el sector<\/h3>\t\t\t\t<\/div>\n\t\t\t\t<\/div>\n\t\t\t\t<\/div>\n\t\t<div class=\"elementor-element elementor-element-47b024f e-con-full e-flex e-con e-child\" data-id=\"47b024f\" data-element_type=\"container\">\n\t\t\t\t<div class=\"elementor-element elementor-element-46176ab aux-appear-watch-animation aux-fade-in elementor-widget__width-initial elementor-widget elementor-widget-text-editor\" data-id=\"46176ab\" data-element_type=\"widget\" data-widget_type=\"text-editor.default\">\n\t\t\t\t<div class=\"elementor-widget-container\">\n\t\t\t\t\t\t\t\t\t<p>En\u00a0<strong>Steel Frame Products<\/strong>, parte del\u00a0<strong>Grupo TROFONI<\/strong>, llevamos m\u00e1s de\u00a0<strong>30 a\u00f1os de experiencia<\/strong>\u00a0en el sector de la construcci\u00f3n, especializ\u00e1ndonos en sistemas de\u00a0<strong>Steel Framing<\/strong>\u00a0y soluciones innovadoras en construcci\u00f3n en seco.<\/p>\t\t\t\t\t\t\t\t<\/div>\n\t\t\t\t<\/div>\n\t\t\t\t<\/div>\n\t\t<div class=\"elementor-element elementor-element-433e2e8 e-con-full e-flex e-con e-child\" data-id=\"433e2e8\" data-element_type=\"container\">\n\t\t\t\t<div class=\"elementor-element elementor-element-e32f1dc aux-appear-watch-animation aux-fade-in elementor-widget elementor-widget-text-editor\" data-id=\"e32f1dc\" data-element_type=\"widget\" data-widget_type=\"text-editor.default\">\n\t\t\t\t<div class=\"elementor-widget-container\">\n\t\t\t\t\t\t\t\t\t<p>Nuestro compromiso es ofrecer\u00a0<strong>productos de alta calidad<\/strong>, seguros y sostenibles, dise\u00f1ados para optimizar tiempos de obra, reducir costos y garantizar m\u00e1xima durabilidad. Trabajamos con tecnolog\u00eda de vanguardia y los m\u00e1s altos est\u00e1ndares de fabricaci\u00f3n para brindar estructuras ligeras, resistentes y adaptables a todo tipo de proyectos.<\/p>\t\t\t\t\t\t\t\t<\/div>\n\t\t\t\t<\/div>\n\t\t\t\t<\/div>\n\t\t\t\t\t<\/div>\n\t\t\t\t<\/div>\n\t\t<div class=\"aux-parallax-section elementor-element elementor-element-b9a3faa e-flex e-con-boxed e-con e-parent\" data-id=\"b9a3faa\" data-element_type=\"container\">\n\t\t\t\t\t<div class=\"e-con-inner\">\n\t\t<div class=\"elementor-element elementor-element-eaec389 e-con-full e-flex e-con e-child\" data-id=\"eaec389\" data-element_type=\"container\">\n\t\t\t\t<div class=\"elementor-element elementor-element-c743692 aux-appear-watch-animation aux-fade-in-left elementor-widget elementor-widget-aux_image\" data-id=\"c743692\" data-element_type=\"widget\" data-widget_type=\"aux_image.default\">\n\t\t\t\t<div class=\"elementor-widget-container\">\n\t\t\t\t\t<section class=\"widget-container aux-widget-image aux-alignnone aux-parent-aub65cb627\">\n    <div class=\"aux-media-hint-frame\">\n        <div class=\"aux-media-image\" >\n        \n            \n\n            \n            <img decoding=\"async\" src=\"https:\/\/steelframeproducts.com\/wp-content\/uploads\/2025\/07\/Diseno-sin-titulo-5-1.jpg\" alt=\"Disen\u0303o sin ti\u0301tulo (5)\" \/>            \n                <\/div>\n    <\/div>\n\n<\/section><!-- widget-container -->\t\t\t\t<\/div>\n\t\t\t\t<\/div>\n\t\t\t\t<\/div>\n\t\t<div class=\"elementor-element elementor-element-43920ed e-con-full e-flex e-con e-child\" data-id=\"43920ed\" data-element_type=\"container\">\n\t\t\t\t<div class=\"elementor-element elementor-element-aff20c5 aux-appear-watch-animation aux-fade-in-up elementor-widget elementor-widget-aux_modern_heading\" data-id=\"aff20c5\" data-element_type=\"widget\" data-widget_type=\"aux_modern_heading.default\">\n\t\t\t\t<div class=\"elementor-widget-container\">\n\t\t\t\t\t<section class=\"aux-widget-modern-heading\">\n            <div class=\"aux-widget-inner\"><p class=\"aux-modern-heading-primary\">Trofoni group<\/p><h3 class=\"aux-modern-heading-secondary\"><span class=\"aux-head-before\">\u00bfPor qu\u00e9 elegir Steel Frame Products?<\/span><\/h3><div class=\"aux-modern-heading-description\"><p class=\"ds-markdown-paragraph\">\u2705\u00a0<strong>Experiencia y profesionalismo<\/strong>: Respaldados por el prestigio de TROFONI en el mercado.<br \/>\u2705\u00a0<strong>Innovaci\u00f3n constante<\/strong>: Soluciones eficientes y personalizadas para cada necesidad.<br \/>\u2705\u00a0<strong>Calidad certificada<\/strong>: Materiales premium y procesos controlados para garantizar excelencia.<br \/>\u2705\u00a0<strong>Sostenibilidad<\/strong>: Sistemas ecoamigables que reducen el impacto ambiental.<\/p><p class=\"ds-markdown-paragraph\">En\u00a0<strong>Steel Frame Products<\/strong>, no solo construimos estructuras; creamos\u00a0<strong>valor, seguridad y bienestar<\/strong>\u00a0para nuestros clientes, colaboradores y la comunidad.<\/p><p class=\"ds-markdown-paragraph\">\ud83d\udccc\u00a0<strong>Descubre c\u00f3mo podemos transformar tu pr\u00f3ximo proyecto.<\/strong><br \/>\ud83d\udcde\u00a0<strong>Cont\u00e1ctanos hoy mismo.<\/strong><\/p><\/div><\/div>\n        <\/section>\t\t\t\t<\/div>\n\t\t\t\t<\/div>\n\t\t\t\t<\/div>\n\t\t\t\t\t<\/div>\n\t\t\t\t<\/div>\n\t\t\t\t<\/div>","protected":false},"excerpt":{"rendered":"<p>Steel Frame Products, Grupo TROFONI EL FUTURO DE LA CONSTRUCCI\u00d3N 30 a\u00f1os de experiencia en el sector En\u00a0Steel Frame Products, parte del\u00a0Grupo TROFONI, llevamos m\u00e1s de\u00a030 a\u00f1os de experiencia\u00a0en el sector de la construcci\u00f3n, especializ\u00e1ndonos en sistemas de\u00a0Steel Framing\u00a0y soluciones innovadoras en construcci\u00f3n en seco. Nuestro compromiso es ofrecer\u00a0productos de alta calidad, seguros y sostenibles, [&hellip;]<\/p>","protected":false},"author":1,"featured_media":0,"parent":0,"menu_order":0,"comment_status":"closed","ping_status":"closed","template":"templates\/page-builder-content.php","meta":{"footnotes":""},"class_list":["post-71","page","type-page","status-publish","hentry"],"_links":{"self":[{"href":"https:\/\/steelframeproducts.com\/ca\/wp-json\/wp\/v2\/pages\/71","targetHints":{"allow":["GET"]}}],"collection":[{"href":"https:\/\/steelframeproducts.com\/ca\/wp-json\/wp\/v2\/pages"}],"about":[{"href":"https:\/\/steelframeproducts.com\/ca\/wp-json\/wp\/v2\/types\/page"}],"author":[{"embeddable":true,"href":"https:\/\/steelframeproducts.com\/ca\/wp-json\/wp\/v2\/users\/1"}],"replies":[{"embeddable":true,"href":"https:\/\/steelframeproducts.com\/ca\/wp-json\/wp\/v2\/comments?post=71"}],"version-history":[{"count":7,"href":"https:\/\/steelframeproducts.com\/ca\/wp-json\/wp\/v2\/pages\/71\/revisions"}],"predecessor-version":[{"id":153,"href":"https:\/\/steelframeproducts.com\/ca\/wp-json\/wp\/v2\/pages\/71\/revisions\/153"}],"wp:attachment":[{"href":"https:\/\/steelframeproducts.com\/ca\/wp-json\/wp\/v2\/media?parent=71"}],"curies":[{"name":"wp","href":"https:\/\/api.w.org\/{rel}","templated":true}]}}