{"id":417,"date":"2025-11-20T11:10:55","date_gmt":"2025-11-20T10:10:55","guid":{"rendered":"https:\/\/steelframeproducts.com\/?page_id=417"},"modified":"2025-11-20T11:10:57","modified_gmt":"2025-11-20T10:10:57","slug":"aviso-legal","status":"publish","type":"page","link":"https:\/\/steelframeproducts.com\/ca\/aviso-legal\/","title":{"rendered":"Av\u00edso legal"},"content":{"rendered":"<p>La titularidad de este sitio web, , (en adelante Sitio Web) la ostenta: Trofoni Slu, provista de NIF: B05442942 domiciliada en: Calle Pompeu Fabra, 2 Loc. 17310 &#8211; Lloret de Mar (Gerona), no puede asumir ninguna responsabilidad derivada del uso incorrecto, inapropiado o il\u00edcito de la informaci\u00f3n aparecida en la p\u00e1gina.<\/p><p>Con los l\u00edmites establecidos en la ley, Trofoni Slu no asume ninguna responsabilidad derivada de la falta de veracidad, integridad, actualizaci\u00f3n y precisi\u00f3n de los datos o informaciones que se contienen en sus p\u00e1ginas de Internet.<\/p><p>Los contenidos e informaci\u00f3n no vinculan a Trofoni Slu ni constituyen opiniones, consejos o asesoramiento legal de ning\u00fan tipo pues se trata meramente de un servicio ofrecido con car\u00e1cter informativo y divulgativo. La p\u00e1gina de Internet puede contener enlaces (links) a otras p\u00e1ginas de terceras partes que no podemos controlar. Por lo tanto, Trofoni Slu no puede asumir responsabilidades por el contenido que pueda aparecer en p\u00e1ginas de terceros. Los textos, im\u00e1genes, sonidos, animaciones, software y el resto de contenidos incluidos en este website son propiedad exclusiva de Trofoni Slu o sus licenciantes. Cualquier acto de transmisi\u00f3n, distribuci\u00f3n, cesi\u00f3n, reproducci\u00f3n, almacenamiento o comunicaci\u00f3n p\u00fablica total o parcial, debe contar con el consentimiento expreso de Trofoni Slu Asimismo, para acceder a algunos de los servicios que Trofoni Slu ofrece a trav\u00e9s del website deber\u00e1? proporcionar algunos datos de car\u00e1cter personal. En cumplimiento de lo establecido en el Reglamento (UE) 2016\/679 del Parlamento Europeo y del Consejo, de 27 de abril de 2016, relativo a la protecci\u00f3n de las personas f\u00edsicas en lo que respecta al tratamiento de datos personales y a la libre circulaci\u00f3n de estos datos le informamos que, mediante la cumplimentaci\u00f3n de los presentes formularios, sus datos personales quedar\u00e1n incorporados y ser\u00e1n tratados en los ficheros de Trofoni Slu con el fin de poderle prestar y ofrecer nuestros servicios as\u00ed? como para informarle de las mejoras del sitio Web. Asimismo, le informamos de la posibilidad de que ejerza los derechos de acceso, rectificaci\u00f3n, limitaci\u00f3n, portabilidad, oposici\u00f3n y supresi\u00f3n de sus datos de car\u00e1cter personal, manera gratuita mediante email a info@steelframeproducts.com o en la direcci\u00f3n Calle Pompeu Fabra, 2 Loc. 17310 &#8211; Lloret de Mar (Gerona).<\/p>","protected":false},"excerpt":{"rendered":"<p>La titularidad de este sitio web, , (en adelante Sitio Web) la ostenta: Trofoni Slu, provista de NIF: B05442942 domiciliada en: Calle Pompeu Fabra, 2 Loc. 17310 &#8211; Lloret de Mar (Gerona), no puede asumir ninguna responsabilidad derivada del uso incorrecto, inapropiado o il\u00edcito de la informaci\u00f3n aparecida en la p\u00e1gina. Con los l\u00edmites establecidos [&hellip;]<\/p>","protected":false},"author":1,"featured_media":0,"parent":0,"menu_order":0,"comment_status":"closed","ping_status":"closed","template":"","meta":{"footnotes":""},"class_list":["post-417","page","type-page","status-publish","hentry"],"_links":{"self":[{"href":"https:\/\/steelframeproducts.com\/ca\/wp-json\/wp\/v2\/pages\/417","targetHints":{"allow":["GET"]}}],"collection":[{"href":"https:\/\/steelframeproducts.com\/ca\/wp-json\/wp\/v2\/pages"}],"about":[{"href":"https:\/\/steelframeproducts.com\/ca\/wp-json\/wp\/v2\/types\/page"}],"author":[{"embeddable":true,"href":"https:\/\/steelframeproducts.com\/ca\/wp-json\/wp\/v2\/users\/1"}],"replies":[{"embeddable":true,"href":"https:\/\/steelframeproducts.com\/ca\/wp-json\/wp\/v2\/comments?post=417"}],"version-history":[{"count":1,"href":"https:\/\/steelframeproducts.com\/ca\/wp-json\/wp\/v2\/pages\/417\/revisions"}],"predecessor-version":[{"id":419,"href":"https:\/\/steelframeproducts.com\/ca\/wp-json\/wp\/v2\/pages\/417\/revisions\/419"}],"wp:attachment":[{"href":"https:\/\/steelframeproducts.com\/ca\/wp-json\/wp\/v2\/media?parent=417"}],"curies":[{"name":"wp","href":"https:\/\/api.w.org\/{rel}","templated":true}]}}