{"id":380,"date":"2025-11-19T19:05:53","date_gmt":"2025-11-19T18:05:53","guid":{"rendered":"https:\/\/steelframeproducts.com\/?page_id=380"},"modified":"2025-11-19T19:14:04","modified_gmt":"2025-11-19T18:14:04","slug":"perfiles","status":"publish","type":"page","link":"https:\/\/steelframeproducts.com\/ca\/perfiles\/","title":{"rendered":"Perfiles"},"content":{"rendered":"<div data-elementor-type=\"wp-page\" data-elementor-id=\"380\" class=\"elementor elementor-380\">\n\t\t\t\t<div class=\"aux-parallax-section elementor-element elementor-element-2082177 e-flex e-con-boxed e-con e-parent\" data-id=\"2082177\" data-element_type=\"container\">\n\t\t\t\t\t<div class=\"e-con-inner\">\n\t\t\t\t<div class=\"elementor-element elementor-element-491bade elementor-widget elementor-widget-aux_product_grid\" data-id=\"491bade\" data-element_type=\"widget\" data-settings=\"{&quot;columns&quot;:&quot;4&quot;}\" data-widget_type=\"aux_product_grid.default\">\n\t\t\t\t<div class=\"elementor-widget-container\">\n\t\t\t\t\t<div class='woocommerce woocommerce-page aux-shop-archive'><div class=\"products-loop aux-match-height aux-row aux-de-col4 aux-tb-col2 aux-mb-col1\">\n\n<div class=\"aux-col product type-product post-184 status-publish first instock product_cat-perfiles has-post-thumbnail shipping-taxable purchasable product-type-simple aux-remove-view-cart\">\n\t<a href=\"https:\/\/steelframeproducts.com\/ca\/product\/pgu-153\/\" class=\"woocommerce-LoopProduct-link woocommerce-loop-product__link\"><img fetchpriority=\"high\" decoding=\"async\" width=\"503\" height=\"503\" src=\"https:\/\/steelframeproducts.com\/wp-content\/uploads\/2025\/10\/53-503x503.png\" class=\"auxshp-product-image auxshp-attachment\" alt=\"53\" data-original-width=\"600\" data-original-height=\"600\" data-original-src=\"https:\/\/steelframeproducts.com\/wp-content\/uploads\/2025\/10\/53.png\" srcset=\"https:\/\/steelframeproducts.com\/wp-content\/uploads\/2025\/10\/53-150x150.png 150w,https:\/\/steelframeproducts.com\/wp-content\/uploads\/2025\/10\/53-300x300.png 300w,https:\/\/steelframeproducts.com\/wp-content\/uploads\/2025\/10\/53-768x768.png 768w,https:\/\/steelframeproducts.com\/wp-content\/uploads\/2025\/10\/53-503x503.png 503w\" data-ratio=\"1\" data-original-w=\"800\" sizes=\"(max-width:479px) 480px,(max-width:767px) 768px,(max-width:1023px) 1024px,503px\" \/><\/span><\/a><\/a><div class=\"auxshp-entry-main\"><a href=\"https:\/\/steelframeproducts.com\/ca\/product\/pgu-153\/\" class=\"auxshp-label auxshp-loop-title\"><h3 class=\"auxshp-title-heading\">PGU 153<\/h3><\/a>\n\t<span class=\"price\"><span class=\"woocommerce-Price-amount amount\"><bdi>20.95<span class=\"woocommerce-Price-currencySymbol\">&euro;<\/span><\/bdi><\/span><\/span>\n<div class=\"loop-meta-wrapper\">\n    <div class=\"product_meta\">\n            <\/div>\n<\/div>\n\n<\/a>\n    <div class=\"loop-tools-wrapper\">\n        <div class=\"aux-product-tools\">\n        <a rel=\"nofollow\" href=\"?add-to-cart=184\" data-quantity=\"1\" data-product_id=\"184\" data-product_sku=\"\" data-verify_nonce=\"c78e51935a\" class=\"button aux-ajax-add-to-cart add_to_cart_button\" data-product-type=\"simple\"><i class=\"aux-ico auxicon-handbag\"><\/i><span>A\u00f1adir al carrito<\/span><\/a>                <div class=\"auxshp-share-wrapper\">\n                    <div class=\"aux-share-btn aux-tooltip-socials aux-tooltip-dark aux-socials\">\n                        <span class=\"aux-icon auxicon-share\"><\/span>\n                    <\/div>\n                <\/div>\n                        <div class=\"aux-shop-quicklook-wrapper\">\n                    <a rel=\"nofollow\" class=\"aux-shop-quicklook\" data-product-id=\"184\" data-product-type=\"simple\" data-verify-nonce=\"b313667bb5\">\n                        <i class=\"aux-quicklook-icon aux-ico auxicon-eye-1\"><\/i>\n                    <\/a>\n                <\/div>\n                <\/div>\n    <\/div>\n\n<\/div><\/div>\n\n<div class=\"aux-col product type-product post-183 status-publish instock product_cat-perfiles has-post-thumbnail shipping-taxable purchasable product-type-simple aux-remove-view-cart\">\n\t<a href=\"https:\/\/steelframeproducts.com\/ca\/product\/pgu-204\/\" class=\"woocommerce-LoopProduct-link woocommerce-loop-product__link\"><img fetchpriority=\"high\" decoding=\"async\" width=\"503\" height=\"503\" src=\"https:\/\/steelframeproducts.com\/wp-content\/uploads\/2025\/10\/53-503x503.png\" class=\"auxshp-product-image auxshp-attachment\" alt=\"53\" data-original-width=\"600\" data-original-height=\"600\" data-original-src=\"https:\/\/steelframeproducts.com\/wp-content\/uploads\/2025\/10\/53.png\" srcset=\"https:\/\/steelframeproducts.com\/wp-content\/uploads\/2025\/10\/53-150x150.png 150w,https:\/\/steelframeproducts.com\/wp-content\/uploads\/2025\/10\/53-300x300.png 300w,https:\/\/steelframeproducts.com\/wp-content\/uploads\/2025\/10\/53-768x768.png 768w,https:\/\/steelframeproducts.com\/wp-content\/uploads\/2025\/10\/53-503x503.png 503w\" data-ratio=\"1\" data-original-w=\"800\" sizes=\"(max-width:479px) 480px,(max-width:767px) 768px,(max-width:1023px) 1024px,503px\" \/><\/span><\/a><\/a><div class=\"auxshp-entry-main\"><a href=\"https:\/\/steelframeproducts.com\/ca\/product\/pgu-204\/\" class=\"auxshp-label auxshp-loop-title\"><h3 class=\"auxshp-title-heading\">PGU 204<\/h3><\/a>\n\t<span class=\"price\"><span class=\"woocommerce-Price-amount amount\"><bdi>65.75<span class=\"woocommerce-Price-currencySymbol\">&euro;<\/span><\/bdi><\/span><\/span>\n<div class=\"loop-meta-wrapper\">\n    <div class=\"product_meta\">\n            <\/div>\n<\/div>\n\n<\/a>\n    <div class=\"loop-tools-wrapper\">\n        <div class=\"aux-product-tools\">\n        <a rel=\"nofollow\" href=\"?add-to-cart=183\" data-quantity=\"1\" data-product_id=\"183\" data-product_sku=\"\" data-verify_nonce=\"fdca1a442f\" class=\"button aux-ajax-add-to-cart add_to_cart_button\" data-product-type=\"simple\"><i class=\"aux-ico auxicon-handbag\"><\/i><span>A\u00f1adir al carrito<\/span><\/a>                <div class=\"auxshp-share-wrapper\">\n                    <div class=\"aux-share-btn aux-tooltip-socials aux-tooltip-dark aux-socials\">\n                        <span class=\"aux-icon auxicon-share\"><\/span>\n                    <\/div>\n                <\/div>\n                        <div class=\"aux-shop-quicklook-wrapper\">\n                    <a rel=\"nofollow\" class=\"aux-shop-quicklook\" data-product-id=\"183\" data-product-type=\"simple\" data-verify-nonce=\"f7bccb89ff\">\n                        <i class=\"aux-quicklook-icon aux-ico auxicon-eye-1\"><\/i>\n                    <\/a>\n                <\/div>\n                <\/div>\n    <\/div>\n\n<\/div><\/div>\n\n<div class=\"aux-col product type-product post-182 status-publish instock product_cat-perfiles has-post-thumbnail shipping-taxable purchasable product-type-simple aux-remove-view-cart\">\n\t<a href=\"https:\/\/steelframeproducts.com\/ca\/product\/pgu-103\/\" class=\"woocommerce-LoopProduct-link woocommerce-loop-product__link\"><img fetchpriority=\"high\" decoding=\"async\" width=\"503\" height=\"503\" src=\"https:\/\/steelframeproducts.com\/wp-content\/uploads\/2025\/10\/53-503x503.png\" class=\"auxshp-product-image auxshp-attachment\" alt=\"53\" data-original-width=\"600\" data-original-height=\"600\" data-original-src=\"https:\/\/steelframeproducts.com\/wp-content\/uploads\/2025\/10\/53.png\" srcset=\"https:\/\/steelframeproducts.com\/wp-content\/uploads\/2025\/10\/53-150x150.png 150w,https:\/\/steelframeproducts.com\/wp-content\/uploads\/2025\/10\/53-300x300.png 300w,https:\/\/steelframeproducts.com\/wp-content\/uploads\/2025\/10\/53-768x768.png 768w,https:\/\/steelframeproducts.com\/wp-content\/uploads\/2025\/10\/53-503x503.png 503w\" data-ratio=\"1\" data-original-w=\"800\" sizes=\"(max-width:479px) 480px,(max-width:767px) 768px,(max-width:1023px) 1024px,503px\" \/><\/span><\/a><\/a><div class=\"auxshp-entry-main\"><a href=\"https:\/\/steelframeproducts.com\/ca\/product\/pgu-103\/\" class=\"auxshp-label auxshp-loop-title\"><h3 class=\"auxshp-title-heading\">PGU 103<\/h3><\/a>\n\t<span class=\"price\"><span class=\"woocommerce-Price-amount amount\"><bdi>12.25<span class=\"woocommerce-Price-currencySymbol\">&euro;<\/span><\/bdi><\/span><\/span>\n<div class=\"loop-meta-wrapper\">\n    <div class=\"product_meta\">\n            <\/div>\n<\/div>\n\n<\/a>\n    <div class=\"loop-tools-wrapper\">\n        <div class=\"aux-product-tools\">\n        <a rel=\"nofollow\" href=\"?add-to-cart=182\" data-quantity=\"1\" data-product_id=\"182\" data-product_sku=\"\" data-verify_nonce=\"69b5855b5f\" class=\"button aux-ajax-add-to-cart add_to_cart_button\" data-product-type=\"simple\"><i class=\"aux-ico auxicon-handbag\"><\/i><span>A\u00f1adir al carrito<\/span><\/a>                <div class=\"auxshp-share-wrapper\">\n                    <div class=\"aux-share-btn aux-tooltip-socials aux-tooltip-dark aux-socials\">\n                        <span class=\"aux-icon auxicon-share\"><\/span>\n                    <\/div>\n                <\/div>\n                        <div class=\"aux-shop-quicklook-wrapper\">\n                    <a rel=\"nofollow\" class=\"aux-shop-quicklook\" data-product-id=\"182\" data-product-type=\"simple\" data-verify-nonce=\"3ee91e70f7\">\n                        <i class=\"aux-quicklook-icon aux-ico auxicon-eye-1\"><\/i>\n                    <\/a>\n                <\/div>\n                <\/div>\n    <\/div>\n\n<\/div><\/div>\n\n<div class=\"aux-col product type-product post-181 status-publish last instock product_cat-perfiles has-post-thumbnail shipping-taxable purchasable product-type-simple aux-remove-view-cart\">\n\t<a href=\"https:\/\/steelframeproducts.com\/ca\/product\/pgc-200\/\" class=\"woocommerce-LoopProduct-link woocommerce-loop-product__link\"><img decoding=\"async\" width=\"503\" height=\"503\" src=\"https:\/\/steelframeproducts.com\/wp-content\/uploads\/2025\/10\/52-503x503.png\" class=\"auxshp-product-image auxshp-attachment\" alt=\"52\" data-original-width=\"600\" data-original-height=\"600\" data-original-src=\"https:\/\/steelframeproducts.com\/wp-content\/uploads\/2025\/10\/52.png\" srcset=\"https:\/\/steelframeproducts.com\/wp-content\/uploads\/2025\/10\/52-150x150.png 150w,https:\/\/steelframeproducts.com\/wp-content\/uploads\/2025\/10\/52-300x300.png 300w,https:\/\/steelframeproducts.com\/wp-content\/uploads\/2025\/10\/52-768x768.png 768w,https:\/\/steelframeproducts.com\/wp-content\/uploads\/2025\/10\/52-503x503.png 503w\" data-ratio=\"1\" data-original-w=\"800\" sizes=\"(max-width:479px) 480px,(max-width:767px) 768px,(max-width:1023px) 1024px,503px\" \/><\/span><\/a><\/a><div class=\"auxshp-entry-main\"><a href=\"https:\/\/steelframeproducts.com\/ca\/product\/pgc-200\/\" class=\"auxshp-label auxshp-loop-title\"><h3 class=\"auxshp-title-heading\">PGC 200<\/h3><\/a>\n\t<span class=\"price\"><span class=\"woocommerce-Price-amount amount\"><bdi>72.25<span class=\"woocommerce-Price-currencySymbol\">&euro;<\/span><\/bdi><\/span><\/span>\n<div class=\"loop-meta-wrapper\">\n    <div class=\"product_meta\">\n            <\/div>\n<\/div>\n\n<\/a>\n    <div class=\"loop-tools-wrapper\">\n        <div class=\"aux-product-tools\">\n        <a rel=\"nofollow\" href=\"?add-to-cart=181\" data-quantity=\"1\" data-product_id=\"181\" data-product_sku=\"\" data-verify_nonce=\"805d9e5fbf\" class=\"button aux-ajax-add-to-cart add_to_cart_button\" data-product-type=\"simple\"><i class=\"aux-ico auxicon-handbag\"><\/i><span>A\u00f1adir al carrito<\/span><\/a>                <div class=\"auxshp-share-wrapper\">\n                    <div class=\"aux-share-btn aux-tooltip-socials aux-tooltip-dark aux-socials\">\n                        <span class=\"aux-icon auxicon-share\"><\/span>\n                    <\/div>\n                <\/div>\n                        <div class=\"aux-shop-quicklook-wrapper\">\n                    <a rel=\"nofollow\" class=\"aux-shop-quicklook\" data-product-id=\"181\" data-product-type=\"simple\" data-verify-nonce=\"dd73035c75\">\n                        <i class=\"aux-quicklook-icon aux-ico auxicon-eye-1\"><\/i>\n                    <\/a>\n                <\/div>\n                <\/div>\n    <\/div>\n\n<\/div><\/div>\n\n<div class=\"aux-col product type-product post-180 status-publish first instock product_cat-perfiles has-post-thumbnail shipping-taxable purchasable product-type-simple aux-remove-view-cart\">\n\t<a href=\"https:\/\/steelframeproducts.com\/ca\/product\/pgc-150\/\" class=\"woocommerce-LoopProduct-link woocommerce-loop-product__link\"><img decoding=\"async\" width=\"503\" height=\"503\" src=\"https:\/\/steelframeproducts.com\/wp-content\/uploads\/2025\/10\/52-503x503.png\" class=\"auxshp-product-image auxshp-attachment\" alt=\"52\" data-original-width=\"600\" data-original-height=\"600\" data-original-src=\"https:\/\/steelframeproducts.com\/wp-content\/uploads\/2025\/10\/52.png\" srcset=\"https:\/\/steelframeproducts.com\/wp-content\/uploads\/2025\/10\/52-150x150.png 150w,https:\/\/steelframeproducts.com\/wp-content\/uploads\/2025\/10\/52-300x300.png 300w,https:\/\/steelframeproducts.com\/wp-content\/uploads\/2025\/10\/52-768x768.png 768w,https:\/\/steelframeproducts.com\/wp-content\/uploads\/2025\/10\/52-503x503.png 503w\" data-ratio=\"1\" data-original-w=\"800\" sizes=\"(max-width:479px) 480px,(max-width:767px) 768px,(max-width:1023px) 1024px,503px\" \/><\/span><\/a><\/a><div class=\"auxshp-entry-main\"><a href=\"https:\/\/steelframeproducts.com\/ca\/product\/pgc-150\/\" class=\"auxshp-label auxshp-loop-title\"><h3 class=\"auxshp-title-heading\">PGC 150<\/h3><\/a>\n\t<span class=\"price\"><span class=\"woocommerce-Price-amount amount\"><bdi>27.95<span class=\"woocommerce-Price-currencySymbol\">&euro;<\/span><\/bdi><\/span><\/span>\n<div class=\"loop-meta-wrapper\">\n    <div class=\"product_meta\">\n            <\/div>\n<\/div>\n\n<\/a>\n    <div class=\"loop-tools-wrapper\">\n        <div class=\"aux-product-tools\">\n        <a rel=\"nofollow\" href=\"?add-to-cart=180\" data-quantity=\"1\" data-product_id=\"180\" data-product_sku=\"\" data-verify_nonce=\"89fd7efaf6\" class=\"button aux-ajax-add-to-cart add_to_cart_button\" data-product-type=\"simple\"><i class=\"aux-ico auxicon-handbag\"><\/i><span>A\u00f1adir al carrito<\/span><\/a>                <div class=\"auxshp-share-wrapper\">\n                    <div class=\"aux-share-btn aux-tooltip-socials aux-tooltip-dark aux-socials\">\n                        <span class=\"aux-icon auxicon-share\"><\/span>\n                    <\/div>\n                <\/div>\n                        <div class=\"aux-shop-quicklook-wrapper\">\n                    <a rel=\"nofollow\" class=\"aux-shop-quicklook\" data-product-id=\"180\" data-product-type=\"simple\" data-verify-nonce=\"a0929755d5\">\n                        <i class=\"aux-quicklook-icon aux-ico auxicon-eye-1\"><\/i>\n                    <\/a>\n                <\/div>\n                <\/div>\n    <\/div>\n\n<\/div><\/div>\n\n<div class=\"aux-col product type-product post-178 status-publish instock product_cat-perfiles has-post-thumbnail shipping-taxable purchasable product-type-simple aux-remove-view-cart\">\n\t<a href=\"https:\/\/steelframeproducts.com\/ca\/product\/pgc-100\/\" class=\"woocommerce-LoopProduct-link woocommerce-loop-product__link\"><img decoding=\"async\" width=\"503\" height=\"503\" src=\"https:\/\/steelframeproducts.com\/wp-content\/uploads\/2025\/10\/52-503x503.png\" class=\"auxshp-product-image auxshp-attachment\" alt=\"52\" data-original-width=\"600\" data-original-height=\"600\" data-original-src=\"https:\/\/steelframeproducts.com\/wp-content\/uploads\/2025\/10\/52.png\" srcset=\"https:\/\/steelframeproducts.com\/wp-content\/uploads\/2025\/10\/52-150x150.png 150w,https:\/\/steelframeproducts.com\/wp-content\/uploads\/2025\/10\/52-300x300.png 300w,https:\/\/steelframeproducts.com\/wp-content\/uploads\/2025\/10\/52-768x768.png 768w,https:\/\/steelframeproducts.com\/wp-content\/uploads\/2025\/10\/52-503x503.png 503w\" data-ratio=\"1\" data-original-w=\"800\" sizes=\"(max-width:479px) 480px,(max-width:767px) 768px,(max-width:1023px) 1024px,503px\" \/><\/span><\/a><\/a><div class=\"auxshp-entry-main\"><a href=\"https:\/\/steelframeproducts.com\/ca\/product\/pgc-100\/\" class=\"auxshp-label auxshp-loop-title\"><h3 class=\"auxshp-title-heading\">PGC 100<\/h3><\/a>\n\t<span class=\"price\"><span class=\"woocommerce-Price-amount amount\"><bdi>18.95<span class=\"woocommerce-Price-currencySymbol\">&euro;<\/span><\/bdi><\/span><\/span>\n<div class=\"loop-meta-wrapper\">\n    <div class=\"product_meta\">\n            <\/div>\n<\/div>\n\n<\/a>\n    <div class=\"loop-tools-wrapper\">\n        <div class=\"aux-product-tools\">\n        <a rel=\"nofollow\" href=\"?add-to-cart=178\" data-quantity=\"1\" data-product_id=\"178\" data-product_sku=\"\" data-verify_nonce=\"16847986d0\" class=\"button aux-ajax-add-to-cart add_to_cart_button\" data-product-type=\"simple\"><i class=\"aux-ico auxicon-handbag\"><\/i><span>A\u00f1adir al carrito<\/span><\/a>                <div class=\"auxshp-share-wrapper\">\n                    <div class=\"aux-share-btn aux-tooltip-socials aux-tooltip-dark aux-socials\">\n                        <span class=\"aux-icon auxicon-share\"><\/span>\n                    <\/div>\n                <\/div>\n                        <div class=\"aux-shop-quicklook-wrapper\">\n                    <a rel=\"nofollow\" class=\"aux-shop-quicklook\" data-product-id=\"178\" data-product-type=\"simple\" data-verify-nonce=\"539c3141f9\">\n                        <i class=\"aux-quicklook-icon aux-ico auxicon-eye-1\"><\/i>\n                    <\/a>\n                <\/div>\n                <\/div>\n    <\/div>\n\n<\/div><\/div>\n<\/div>\n<\/div>\t\t\t\t<\/div>\n\t\t\t\t<\/div>\n\t\t\t\t\t<\/div>\n\t\t\t\t<\/div>\n\t\t\t\t<\/div>","protected":false},"excerpt":{"rendered":"<p>PGC 200 72.25&euro; A\u00f1adir al carrito PGC 150 27.95&euro; A\u00f1adir al carrito PGC 100 18.95&euro; A\u00f1adir al carrito<\/p>","protected":false},"author":1,"featured_media":0,"parent":0,"menu_order":0,"comment_status":"closed","ping_status":"closed","template":"","meta":{"footnotes":""},"class_list":["post-380","page","type-page","status-publish","hentry"],"_links":{"self":[{"href":"https:\/\/steelframeproducts.com\/ca\/wp-json\/wp\/v2\/pages\/380","targetHints":{"allow":["GET"]}}],"collection":[{"href":"https:\/\/steelframeproducts.com\/ca\/wp-json\/wp\/v2\/pages"}],"about":[{"href":"https:\/\/steelframeproducts.com\/ca\/wp-json\/wp\/v2\/types\/page"}],"author":[{"embeddable":true,"href":"https:\/\/steelframeproducts.com\/ca\/wp-json\/wp\/v2\/users\/1"}],"replies":[{"embeddable":true,"href":"https:\/\/steelframeproducts.com\/ca\/wp-json\/wp\/v2\/comments?post=380"}],"version-history":[{"count":10,"href":"https:\/\/steelframeproducts.com\/ca\/wp-json\/wp\/v2\/pages\/380\/revisions"}],"predecessor-version":[{"id":409,"href":"https:\/\/steelframeproducts.com\/ca\/wp-json\/wp\/v2\/pages\/380\/revisions\/409"}],"wp:attachment":[{"href":"https:\/\/steelframeproducts.com\/ca\/wp-json\/wp\/v2\/media?parent=380"}],"curies":[{"name":"wp","href":"https:\/\/api.w.org\/{rel}","templated":true}]}}