{"id":3,"date":"2025-04-26T12:04:39","date_gmt":"2025-04-26T10:04:39","guid":{"rendered":"https:\/\/steelframeproducts.com\/?page_id=3"},"modified":"2025-11-20T21:23:28","modified_gmt":"2025-11-20T20:23:28","slug":"politica-privacidad","status":"publish","type":"page","link":"https:\/\/steelframeproducts.com\/ca\/politica-privacidad\/","title":{"rendered":"Pol\u00edtica de privacidad"},"content":{"rendered":"<h2 class=\"wp-block-heading\"><strong>POL\u00cdTICA DE PRIVACIDAD P\u00c1GINAS WEB<\/strong><\/h2><p>La presente Pol\u00edtica de Privacidad establece los t\u00e9rminos en que Trofoni SLU con CIF : B05442942 usa y protege la informaci\u00f3n que es proporcionada por sus usuarios al momento de utilizar su sitio web. Esta compa\u00f1\u00eda est\u00e1 comprometida con la seguridad de los datos de sus usuarios. Cuando le pedimos llenar los campos de informaci\u00f3n personal con la cual usted pueda ser identificado, lo hacemos asegurando que s\u00f3lo se emplear\u00e1 de acuerdo con los t\u00e9rminos de este documento. Sin embargo esta Pol\u00edtica de Privacidad puede cambiar con el tiempo o ser actualizada por lo que le recomendamos y enfatizamos revisar continuamente esta p\u00e1gina para asegurarse que est\u00e1 de acuerdo con dichos cambios.<\/p><p>Derechos de los usuarios<\/p><p>Le informamos que podr\u00e1 ejercer los derechos de acceso, rectificaci\u00f3n, limitaci\u00f3n del tratamiento, oposici\u00f3n y portabilidad con arreglo a lo previsto en Reglamento 2016\/679 del 27 de Abril de Protecci\u00f3n de Datos de Car\u00e1cter Personal y la Ley Org\u00e1nica 3\/2018, de 5 de diciembre, de protecci\u00f3n de datos personales y garant\u00eda de los derechos digitales (LOPDGDD 3\/2018) y siguiendo las Recomendaciones e Instrucciones emitidas por la Agencia Espa\u00f1ola de Protecci\u00f3n de Datos (A.E.P.D), enviando un mail a info@steelframeproducts.com, o una carta junto con la fotocopia de su DNI, a la siguiente direcci\u00f3n: Calle Pompeu Fabra, 2 Loc. 17310 &#8211; Lloret de Mar (Gerona).<\/p><p>Informaci\u00f3n que es recogida<\/p><p>Nuestro sitio web podr\u00e1 recoger informaci\u00f3n personal por ejemplo: Nombre, informaci\u00f3n de contacto como su direcci\u00f3n de correo electr\u00f3nica e informaci\u00f3n demogr\u00e1fica. As\u00ed mismo cuando sea necesario podr\u00e1 ser requerida informaci\u00f3n espec\u00edfica para procesar alg\u00fan pedido o realizar una entrega o facturaci\u00f3n.<\/p><p>Uso de la informaci\u00f3n recogida<\/p><p>Nuestro sitio web emplea la informaci\u00f3n con el fin de proporcionar el mejor servicio posible, particularmente para mantener un registro de usuarios, de pedidos en caso que aplique, y mejorar nuestros productos y servicios. Es posible que sean enviados correos electr\u00f3nicos peri\u00f3dicamente a trav\u00e9s de nuestro sitio con ofertas especiales, nuevos productos y otra informaci\u00f3n publicitaria que consideremos relevante para usted o que pueda brindarle alg\u00fan beneficio, estos correos electr\u00f3nicos ser\u00e1n enviados a la direcci\u00f3n que usted proporcione y podr\u00e1n ser cancelados en cualquier momento.<\/p><p>Trofoni SLU, est\u00e1 altamente comprometido para cumplir con el compromiso de mantener su informaci\u00f3n segura. Usamos los sistemas m\u00e1s avanzados y los actualizamos constantemente para asegurarnos que no exista ning\u00fan acceso no autorizado.<\/p>","protected":false},"excerpt":{"rendered":"<p>POL\u00cdTICA DE PRIVACIDAD P\u00c1GINAS WEB La presente Pol\u00edtica de Privacidad establece los t\u00e9rminos en que Trofoni SLU con CIF : B05442942 usa y protege la informaci\u00f3n que es proporcionada por sus usuarios al momento de utilizar su sitio web. Esta compa\u00f1\u00eda est\u00e1 comprometida con la seguridad de los datos de sus usuarios. Cuando le pedimos [&hellip;]<\/p>","protected":false},"author":1,"featured_media":0,"parent":0,"menu_order":0,"comment_status":"closed","ping_status":"open","template":"","meta":{"footnotes":""},"class_list":["post-3","page","type-page","status-publish","hentry"],"_links":{"self":[{"href":"https:\/\/steelframeproducts.com\/ca\/wp-json\/wp\/v2\/pages\/3","targetHints":{"allow":["GET"]}}],"collection":[{"href":"https:\/\/steelframeproducts.com\/ca\/wp-json\/wp\/v2\/pages"}],"about":[{"href":"https:\/\/steelframeproducts.com\/ca\/wp-json\/wp\/v2\/types\/page"}],"author":[{"embeddable":true,"href":"https:\/\/steelframeproducts.com\/ca\/wp-json\/wp\/v2\/users\/1"}],"replies":[{"embeddable":true,"href":"https:\/\/steelframeproducts.com\/ca\/wp-json\/wp\/v2\/comments?post=3"}],"version-history":[{"count":2,"href":"https:\/\/steelframeproducts.com\/ca\/wp-json\/wp\/v2\/pages\/3\/revisions"}],"predecessor-version":[{"id":430,"href":"https:\/\/steelframeproducts.com\/ca\/wp-json\/wp\/v2\/pages\/3\/revisions\/430"}],"wp:attachment":[{"href":"https:\/\/steelframeproducts.com\/ca\/wp-json\/wp\/v2\/media?parent=3"}],"curies":[{"name":"wp","href":"https:\/\/api.w.org\/{rel}","templated":true}]}}